{"id":44,"date":"2020-06-29T19:41:29","date_gmt":"2020-06-29T23:41:29","guid":{"rendered":"https:\/\/www.acpsk12.org\/tech-tutorials\/?page_id=44"},"modified":"2021-01-15T16:28:28","modified_gmt":"2021-01-15T21:28:28","slug":"spanish","status":"publish","type":"page","link":"https:\/\/www.acpsk12.org\/tech-tutorials\/spanish\/","title":{"rendered":"Spanish"},"content":{"rendered":"<ul>\n<li><a href=\"https:\/\/acps.instructuremedia.com\/embed\/ab1f1d61-673d-4803-8df6-ffd9950c3b7d\" target=\"_blank\" rel=\"noopener noreferrer\">Securly<\/a><\/li>\n<li><a href=\"https:\/\/drive.google.com\/file\/d\/1vcdtlRyqygypF5rkP6ObR3xnLaRHR_Nc\/view?usp=sharing\" target=\"_blank\" rel=\"noopener noreferrer\">Inici\u00e1ndose con Clever<\/a><\/li>\n<li><a href=\"https:\/\/drive.google.com\/file\/d\/1ap5zTX94G_d4caYgz1jJnDzGTch4GEZV\/view?usp=sharing\" target=\"_blank\" rel=\"noopener noreferrer\">C\u00f3mo llegar a Google Drive<\/a><\/li>\n<li><a href=\"https:\/\/drive.google.com\/file\/d\/1o_t4mw81SckcPgx5H_mKd4JmtqSdKavj\/view?usp=sharing\" target=\"_blank\" rel=\"noopener noreferrer\">Inici\u00e1ndonos con Canvas<\/a><\/li>\n<li><a href=\"https:\/\/drive.google.com\/file\/d\/1v7wRtwZRhiwo4Ius-vI7K04xChxDD9Yd\/view?usp=sharing\" target=\"_blank\" rel=\"noopener noreferrer\">C\u00f3mo tener acceso y utilizar Edgenuity<\/a><\/li>\n<li><a href=\"https:\/\/drive.google.com\/file\/d\/1CCvLy-7oNOXA7wg2rInGtm5tBvOez0Hu\/view?usp=sharing\" target=\"_blank\" rel=\"noopener noreferrer\">C\u00f3mo tener acceso y utilizar Renzulli<\/a><\/li>\n<li><a href=\"https:\/\/drive.google.com\/file\/d\/1DhNS9Zgys3J7OXhkGXoC8VG8lOXIGZ3g\/view?usp=sharing\" target=\"_blank\" rel=\"noopener noreferrer\">Acceso a Nearpod<\/a><\/li>\n<li><a href=\"https:\/\/drive.google.com\/file\/d\/1_JL1JKy1uR6n_cskrH5LxORQpAzzEF9J\/view?usp=sharing\" target=\"_blank\" rel=\"noopener noreferrer\">Documento de Recursos de Ciudadan\u00eda Digital<\/a><\/li>\n<li><a href=\"https:\/\/www.acpsk12.org\/tech-tutorials\/sample-page\/chrome-browser-closing-on-tablets\/closing-apps-on-tablet-spanish\/\">Cerrar Aplicaciones en las Tabletas<\/a><\/li>\n<\/ul>\n","protected":false},"excerpt":{"rendered":"<p>Securly Inici\u00e1ndose con Clever C\u00f3mo llegar a Google Drive Inici\u00e1ndonos con Canvas C\u00f3mo tener acceso y utilizar Edgenuity C\u00f3mo tener acceso y utilizar Renzulli Acceso a Nearpod Documento de Recursos de Ciudadan\u00eda Digital Cerrar Aplicaciones en las Tabletas<\/p>\n","protected":false},"author":1,"featured_media":0,"parent":0,"menu_order":0,"comment_status":"closed","ping_status":"closed","template":"","meta":{"footnotes":""},"class_list":["post-44","page","type-page","status-publish"],"_links":{"self":[{"href":"https:\/\/www.acpsk12.org\/tech-tutorials\/wp-json\/wp\/v2\/pages\/44","targetHints":{"allow":["GET"]}}],"collection":[{"href":"https:\/\/www.acpsk12.org\/tech-tutorials\/wp-json\/wp\/v2\/pages"}],"about":[{"href":"https:\/\/www.acpsk12.org\/tech-tutorials\/wp-json\/wp\/v2\/types\/page"}],"author":[{"embeddable":true,"href":"https:\/\/www.acpsk12.org\/tech-tutorials\/wp-json\/wp\/v2\/users\/1"}],"replies":[{"embeddable":true,"href":"https:\/\/www.acpsk12.org\/tech-tutorials\/wp-json\/wp\/v2\/comments?post=44"}],"version-history":[{"count":10,"href":"https:\/\/www.acpsk12.org\/tech-tutorials\/wp-json\/wp\/v2\/pages\/44\/revisions"}],"predecessor-version":[{"id":133,"href":"https:\/\/www.acpsk12.org\/tech-tutorials\/wp-json\/wp\/v2\/pages\/44\/revisions\/133"}],"wp:attachment":[{"href":"https:\/\/www.acpsk12.org\/tech-tutorials\/wp-json\/wp\/v2\/media?parent=44"}],"curies":[{"name":"wp","href":"https:\/\/api.w.org\/{rel}","templated":true}]}}